{"id":4564,"date":"2021-09-27T11:40:18","date_gmt":"2021-09-27T11:40:18","guid":{"rendered":"http:\/\/www.aromakatalog.at\/?page_id=4564"},"modified":"2023-05-07T09:43:23","modified_gmt":"2023-05-07T09:43:23","slug":"mag-gudrun-bell","status":"publish","type":"page","link":"https:\/\/www.aromakatalog.at\/?page_id=4564","title":{"rendered":"Mag. Gudrun Bell"},"content":{"rendered":"<p><a href=\"http:\/\/www.gudrun-bell.at\">www.gudrun-bell.at<\/a><\/p>\n<p><\/p>\n\n\n<!--more-->\n\n\n\n<div style=\"height:50px\" aria-hidden=\"true\" class=\"wp-block-spacer\"><\/div>\n\n\n\n<p><strong>Mag. Gudrun Bell<\/strong>&nbsp;ist ausgebildete Dipl. Betriebs- und Berufsp\u00e4dagogin, \u00c4rztl. gepr\u00fcfte Aromapraktikerin und Dipl. Business Feng-Shui Beraterin<\/p>\n","protected":false},"excerpt":{"rendered":"<p>www.gudrun-bell.at<\/p>\n","protected":false},"author":2,"featured_media":5531,"parent":0,"menu_order":0,"comment_status":"closed","ping_status":"closed","template":"","meta":{"pmpro_default_level":"","footnotes":""},"_links":{"self":[{"href":"https:\/\/www.aromakatalog.at\/index.php?rest_route=\/wp\/v2\/pages\/4564"}],"collection":[{"href":"https:\/\/www.aromakatalog.at\/index.php?rest_route=\/wp\/v2\/pages"}],"about":[{"href":"https:\/\/www.aromakatalog.at\/index.php?rest_route=\/wp\/v2\/types\/page"}],"author":[{"embeddable":true,"href":"https:\/\/www.aromakatalog.at\/index.php?rest_route=\/wp\/v2\/users\/2"}],"replies":[{"embeddable":true,"href":"https:\/\/www.aromakatalog.at\/index.php?rest_route=%2Fwp%2Fv2%2Fcomments&post=4564"}],"version-history":[{"count":6,"href":"https:\/\/www.aromakatalog.at\/index.php?rest_route=\/wp\/v2\/pages\/4564\/revisions"}],"predecessor-version":[{"id":5532,"href":"https:\/\/www.aromakatalog.at\/index.php?rest_route=\/wp\/v2\/pages\/4564\/revisions\/5532"}],"wp:featuredmedia":[{"embeddable":true,"href":"https:\/\/www.aromakatalog.at\/index.php?rest_route=\/wp\/v2\/media\/5531"}],"wp:attachment":[{"href":"https:\/\/www.aromakatalog.at\/index.php?rest_route=%2Fwp%2Fv2%2Fmedia&parent=4564"}],"curies":[{"name":"wp","href":"https:\/\/api.w.org\/{rel}","templated":true}]}}